{"id":12,"date":"2022-08-06T06:00:37","date_gmt":"2022-08-06T06:00:37","guid":{"rendered":"https:\/\/tatybeautyart.com\/wp\/?page_id=12"},"modified":"2022-08-27T05:54:25","modified_gmt":"2022-08-27T05:54:25","slug":"about-me","status":"publish","type":"page","link":"https:\/\/tatybeautyart.com\/it\/about-me\/","title":{"rendered":"Riguardo a me"},"content":{"rendered":"<h2><strong><img loading=\"lazy\" decoding=\"async\" class=\"wp-image-309  alignleft\" src=\"https:\/\/tatybeautyart.com\/wp-content\/uploads\/2022\/08\/WhatsApp-Image-2022-08-14-at-11.44.15-2-225x300.jpeg\" alt=\"\" width=\"150\" height=\"200\" srcset=\"https:\/\/tatybeautyart.com\/wp-content\/uploads\/2022\/08\/WhatsApp-Image-2022-08-14-at-11.44.15-2-225x300.jpeg 225w, https:\/\/tatybeautyart.com\/wp-content\/uploads\/2022\/08\/WhatsApp-Image-2022-08-14-at-11.44.15-2-9x12.jpeg 9w, https:\/\/tatybeautyart.com\/wp-content\/uploads\/2022\/08\/WhatsApp-Image-2022-08-14-at-11.44.15-2.jpeg 720w\" sizes=\"auto, (max-width: 150px) 100vw, 150px\" \/>Nata a Chisinau, nella Repubblica Moldova, scopre da piccola la passione per l'arte. Con le sue opere, gi\u00e0 dai tempi della scuola, vengono presentate in varie mostre a Chisinau.  Ha studiato lingue straniere all'Universit\u00e0 Statale della Moldova, il suo sogno essendo viaggiare e scoprire il mondo.<\/strong><br \/>\n<strong>Established since the age of 20 in Italy, the paintings are inspired by the picturesque places and landscapes of Italy, especially the Tuscany region. The city she loved the most and where she currently lives is Florence. The first exhibition being in the town of Montecatini Terme, as it continues to be exhibited at various exhibitions in Chisinau, the works are also exhibited and for sale at Decorpark. All the works are in watercolor, there are also paintings to order.<\/strong><br \/>\n<strong>\u201cAcquarello per me significa libert\u00e0.. Ho la possibilit\u00e0 di collaborare con i colori, io parto, e loro fanno il loro verso\u2026 Non so mai dall'inizio come sar\u00e0 finito il dipinto.  Parto da un'idea, e quando i colori con l'acqua sulla carta iniziano la loro danza , allora mi ci metto in gioco io, per dar vita alla creazione\u2026 Mi piacciono le sorprese, \u00e8 bello quando non sai il finale.., sai dove vuoi  andare, e il risultato stupisce\u2026 La pittura ad acquerello \u00e8 come una scatola di cioccolatini, li provi tutti, per capire finalmente qual \u00e8 il tuo gusto preferito.  Esattamente cos\u00ec nei miei quadri, ci lavoro fino ad avere un risultato che mi lasci soddisfatta.. E ogni volta esce meglio e mi piace di pi\u00f9!  Amo di pi\u00f9 dipingere il mare, perch\u00e9 l'ho sempre amato e mi ci ritrovo dentro\u2026 Perch\u00e9 siamo uguali, liberi!  E i fiori, amo i fiori vivi, amo ammirarli, per me sono i diamanti della natura!  \u00c8 bello averli in giardino, e sul quadro... hanno la loro vita, restano per sempre\u2026\u201d<\/strong><\/h2>","protected":false},"excerpt":{"rendered":"<p>Born in Chisinau, in the Republic of Moldova, she discovered her passion for art as a child, with her works, already from school, being presented at various exhibitions in Chisinau. She studied foreign languages \u200b\u200bat the State University of Moldova, the dream being to travel and discover the world. Established since the age of 20 [&hellip;]<\/p>","protected":false},"author":1,"featured_media":82,"parent":0,"menu_order":0,"comment_status":"closed","ping_status":"closed","template":"templates\/full-width-page.php","meta":{"pgc_sgb_lightbox_settings":"","footnotes":""},"class_list":["post-12","page","type-page","status-publish","has-post-thumbnail","hentry"],"_links":{"self":[{"href":"https:\/\/tatybeautyart.com\/it\/wp-json\/wp\/v2\/pages\/12","targetHints":{"allow":["GET"]}}],"collection":[{"href":"https:\/\/tatybeautyart.com\/it\/wp-json\/wp\/v2\/pages"}],"about":[{"href":"https:\/\/tatybeautyart.com\/it\/wp-json\/wp\/v2\/types\/page"}],"author":[{"embeddable":true,"href":"https:\/\/tatybeautyart.com\/it\/wp-json\/wp\/v2\/users\/1"}],"replies":[{"embeddable":true,"href":"https:\/\/tatybeautyart.com\/it\/wp-json\/wp\/v2\/comments?post=12"}],"version-history":[{"count":13,"href":"https:\/\/tatybeautyart.com\/it\/wp-json\/wp\/v2\/pages\/12\/revisions"}],"predecessor-version":[{"id":315,"href":"https:\/\/tatybeautyart.com\/it\/wp-json\/wp\/v2\/pages\/12\/revisions\/315"}],"wp:featuredmedia":[{"embeddable":true,"href":"https:\/\/tatybeautyart.com\/it\/wp-json\/wp\/v2\/media\/82"}],"wp:attachment":[{"href":"https:\/\/tatybeautyart.com\/it\/wp-json\/wp\/v2\/media?parent=12"}],"curies":[{"name":"wp","href":"https:\/\/api.w.org\/{rel}","templated":true}]}}